{"id":52,"date":"2026-02-15T17:56:30","date_gmt":"2026-02-15T16:56:30","guid":{"rendered":"https:\/\/llumfisioterapia.com\/?page_id=52"},"modified":"2026-03-30T10:17:42","modified_gmt":"2026-03-30T08:17:42","slug":"llum-fisioterapia","status":"publish","type":"page","link":"https:\/\/llumfisioterapia.com\/es\/","title":{"rendered":"Llum Fisioterapia"},"content":{"rendered":"\n<div class=\"wp-block-media-text is-stacked-on-mobile\"><figure class=\"wp-block-media-text__media\"><img loading=\"lazy\" decoding=\"async\" width=\"900\" height=\"678\" src=\"https:\/\/llumfisioterapia.com\/wp-content\/uploads\/2026\/03\/Llum-Fisioterapia-Capdepera_4.jpg\" alt=\"Llum Fisioterapia in Capdepera auf Mallorca\" class=\"wp-image-394 size-full\" srcset=\"https:\/\/llumfisioterapia.com\/wp-content\/uploads\/2026\/03\/Llum-Fisioterapia-Capdepera_4.jpg 900w, https:\/\/llumfisioterapia.com\/wp-content\/uploads\/2026\/03\/Llum-Fisioterapia-Capdepera_4-300x226.jpg 300w, https:\/\/llumfisioterapia.com\/wp-content\/uploads\/2026\/03\/Llum-Fisioterapia-Capdepera_4-768x579.jpg 768w, https:\/\/llumfisioterapia.com\/wp-content\/uploads\/2026\/03\/Llum-Fisioterapia-Capdepera_4-230x173.jpg 230w, https:\/\/llumfisioterapia.com\/wp-content\/uploads\/2026\/03\/Llum-Fisioterapia-Capdepera_4-350x264.jpg 350w, https:\/\/llumfisioterapia.com\/wp-content\/uploads\/2026\/03\/Llum-Fisioterapia-Capdepera_4-480x362.jpg 480w\" sizes=\"auto, (max-width: 900px) 100vw, 900px\" \/><\/figure><div class=\"wp-block-media-text__content\">\n<h2 class=\"wp-block-heading\">\u00a1Me alegro de que est\u00e9s aqu\u00ed!<\/h2>\n\n\n\n<p>Les damos una c\u00e1lida bienvenida a nuestra consulta privada de osteopat\u00eda, fisioterapia y pilates, situada en el centro de Capdepera, en la hermosa isla de Mallorca. Con nosotros estar\u00e1n en buenas manos; les acompa\u00f1aremos de forma integral en su proceso de recuperaci\u00f3n. No duden en visitarnos en nuestro centro terap\u00e9utico de Capdepera.<\/p>\n<\/div><\/div>\n\n\n\n<div style=\"height:50px\" aria-hidden=\"true\" class=\"wp-block-spacer\"><\/div>\n\n\n\n<div class=\"wp-block-media-text has-media-on-the-right is-stacked-on-mobile\"><div class=\"wp-block-media-text__content\">\n<h2 class=\"wp-block-heading\">\u00bfQu\u00e9 es exactamente la fisioterapia?<\/h2>\n\n\n\n<p>La fisioterapia es una forma de tratamiento m\u00e9dico que se centra en la recuperaci\u00f3n, el mantenimiento y la mejora de la movilidad y la funcionalidad del cuerpo. Para ello, se utilizan ejercicios espec\u00edficos, t\u00e9cnicas manuales y tratamientos f\u00edsicos con el fin de aliviar el dolor, mejorar la movilidad y aumentar la calidad de vida. Se aplica en una amplia variedad de dolencias, lesiones y enfermedades del aparato locomotor, pero tambi\u00e9n sirve para la prevenci\u00f3n y la rehabilitaci\u00f3n.<\/p>\n<\/div><figure class=\"wp-block-media-text__media\"><img loading=\"lazy\" decoding=\"async\" width=\"900\" height=\"678\" src=\"https:\/\/llumfisioterapia.com\/wp-content\/uploads\/2026\/03\/Llum-Fisioterapia-Capdepera_1.jpg\" alt=\"Llum Fisioterapia in Capdepera auf Mallorca\" class=\"wp-image-391 size-full\" srcset=\"https:\/\/llumfisioterapia.com\/wp-content\/uploads\/2026\/03\/Llum-Fisioterapia-Capdepera_1.jpg 900w, https:\/\/llumfisioterapia.com\/wp-content\/uploads\/2026\/03\/Llum-Fisioterapia-Capdepera_1-300x226.jpg 300w, https:\/\/llumfisioterapia.com\/wp-content\/uploads\/2026\/03\/Llum-Fisioterapia-Capdepera_1-768x579.jpg 768w, https:\/\/llumfisioterapia.com\/wp-content\/uploads\/2026\/03\/Llum-Fisioterapia-Capdepera_1-230x173.jpg 230w, https:\/\/llumfisioterapia.com\/wp-content\/uploads\/2026\/03\/Llum-Fisioterapia-Capdepera_1-350x264.jpg 350w, https:\/\/llumfisioterapia.com\/wp-content\/uploads\/2026\/03\/Llum-Fisioterapia-Capdepera_1-480x362.jpg 480w\" sizes=\"auto, (max-width: 900px) 100vw, 900px\" \/><\/figure><\/div>\n\n\n\n<h3 class=\"wp-block-heading\">Equipo y consulta<\/h3>\n\n\n\n<figure class=\"wp-block-gallery has-nested-images columns-4 is-cropped wp-block-gallery-1 is-layout-flex wp-block-gallery-is-layout-flex\">\n<figure class=\"wp-block-image size-large has-custom-border\"><a href=\"https:\/\/llumfisioterapia.com\/team-praxis\/\"><img loading=\"lazy\" decoding=\"async\" width=\"900\" height=\"678\" data-id=\"395\" src=\"https:\/\/llumfisioterapia.com\/wp-content\/uploads\/2026\/03\/Llum-Fisioterapia-Capdepera_5.jpg\" alt=\"Llum Fisioterapia in Capdepera auf Mallorca\" class=\"wp-image-395\" style=\"border-top-left-radius:15px;border-top-right-radius:15px;border-bottom-left-radius:15px;border-bottom-right-radius:15px\" srcset=\"https:\/\/llumfisioterapia.com\/wp-content\/uploads\/2026\/03\/Llum-Fisioterapia-Capdepera_5.jpg 900w, https:\/\/llumfisioterapia.com\/wp-content\/uploads\/2026\/03\/Llum-Fisioterapia-Capdepera_5-300x226.jpg 300w, https:\/\/llumfisioterapia.com\/wp-content\/uploads\/2026\/03\/Llum-Fisioterapia-Capdepera_5-768x579.jpg 768w, https:\/\/llumfisioterapia.com\/wp-content\/uploads\/2026\/03\/Llum-Fisioterapia-Capdepera_5-230x173.jpg 230w, https:\/\/llumfisioterapia.com\/wp-content\/uploads\/2026\/03\/Llum-Fisioterapia-Capdepera_5-350x264.jpg 350w, https:\/\/llumfisioterapia.com\/wp-content\/uploads\/2026\/03\/Llum-Fisioterapia-Capdepera_5-480x362.jpg 480w\" sizes=\"auto, (max-width: 900px) 100vw, 900px\" \/><\/a><\/figure>\n\n\n\n<figure class=\"wp-block-image size-large has-custom-border\"><a href=\"https:\/\/llumfisioterapia.com\/team-praxis\/\"><img loading=\"lazy\" decoding=\"async\" width=\"900\" height=\"678\" data-id=\"357\" src=\"https:\/\/llumfisioterapia.com\/wp-content\/uploads\/2026\/03\/Llum-Team-Capdepera_2.jpg\" alt=\"\" class=\"wp-image-357\" style=\"border-top-left-radius:15px;border-top-right-radius:15px;border-bottom-left-radius:15px;border-bottom-right-radius:15px\" srcset=\"https:\/\/llumfisioterapia.com\/wp-content\/uploads\/2026\/03\/Llum-Team-Capdepera_2.jpg 900w, https:\/\/llumfisioterapia.com\/wp-content\/uploads\/2026\/03\/Llum-Team-Capdepera_2-300x226.jpg 300w, https:\/\/llumfisioterapia.com\/wp-content\/uploads\/2026\/03\/Llum-Team-Capdepera_2-768x579.jpg 768w, https:\/\/llumfisioterapia.com\/wp-content\/uploads\/2026\/03\/Llum-Team-Capdepera_2-230x173.jpg 230w, https:\/\/llumfisioterapia.com\/wp-content\/uploads\/2026\/03\/Llum-Team-Capdepera_2-350x264.jpg 350w, https:\/\/llumfisioterapia.com\/wp-content\/uploads\/2026\/03\/Llum-Team-Capdepera_2-480x362.jpg 480w\" sizes=\"auto, (max-width: 900px) 100vw, 900px\" \/><\/a><\/figure>\n\n\n\n<figure class=\"wp-block-image size-full has-custom-border\"><a href=\"https:\/\/llumfisioterapia.com\/team-praxis\/\"><img loading=\"lazy\" decoding=\"async\" width=\"900\" height=\"678\" data-id=\"358\" src=\"https:\/\/llumfisioterapia.com\/wp-content\/uploads\/2026\/03\/Llum-Team-Capdepera_3.jpg\" alt=\"\" class=\"wp-image-358\" style=\"border-top-left-radius:15px;border-top-right-radius:15px;border-bottom-left-radius:15px;border-bottom-right-radius:15px\" srcset=\"https:\/\/llumfisioterapia.com\/wp-content\/uploads\/2026\/03\/Llum-Team-Capdepera_3.jpg 900w, https:\/\/llumfisioterapia.com\/wp-content\/uploads\/2026\/03\/Llum-Team-Capdepera_3-300x226.jpg 300w, https:\/\/llumfisioterapia.com\/wp-content\/uploads\/2026\/03\/Llum-Team-Capdepera_3-768x579.jpg 768w, https:\/\/llumfisioterapia.com\/wp-content\/uploads\/2026\/03\/Llum-Team-Capdepera_3-230x173.jpg 230w, https:\/\/llumfisioterapia.com\/wp-content\/uploads\/2026\/03\/Llum-Team-Capdepera_3-350x264.jpg 350w, https:\/\/llumfisioterapia.com\/wp-content\/uploads\/2026\/03\/Llum-Team-Capdepera_3-480x362.jpg 480w\" sizes=\"auto, (max-width: 900px) 100vw, 900px\" \/><\/a><\/figure>\n\n\n\n<figure class=\"wp-block-image size-large has-custom-border\"><a href=\"https:\/\/llumfisioterapia.com\/team-praxis\/\"><img loading=\"lazy\" decoding=\"async\" width=\"900\" height=\"678\" data-id=\"392\" src=\"https:\/\/llumfisioterapia.com\/wp-content\/uploads\/2026\/03\/Llum-Fisioterapia-Capdepera_2.jpg\" alt=\"Llum Fisioterapia in Capdepera auf Mallorca\" class=\"wp-image-392\" style=\"border-top-left-radius:15px;border-top-right-radius:15px;border-bottom-left-radius:15px;border-bottom-right-radius:15px\" srcset=\"https:\/\/llumfisioterapia.com\/wp-content\/uploads\/2026\/03\/Llum-Fisioterapia-Capdepera_2.jpg 900w, https:\/\/llumfisioterapia.com\/wp-content\/uploads\/2026\/03\/Llum-Fisioterapia-Capdepera_2-300x226.jpg 300w, https:\/\/llumfisioterapia.com\/wp-content\/uploads\/2026\/03\/Llum-Fisioterapia-Capdepera_2-768x579.jpg 768w, https:\/\/llumfisioterapia.com\/wp-content\/uploads\/2026\/03\/Llum-Fisioterapia-Capdepera_2-230x173.jpg 230w, https:\/\/llumfisioterapia.com\/wp-content\/uploads\/2026\/03\/Llum-Fisioterapia-Capdepera_2-350x264.jpg 350w, https:\/\/llumfisioterapia.com\/wp-content\/uploads\/2026\/03\/Llum-Fisioterapia-Capdepera_2-480x362.jpg 480w\" sizes=\"auto, (max-width: 900px) 100vw, 900px\" \/><\/a><\/figure>\n<\/figure>\n\n\n\n<div style=\"height:50px\" aria-hidden=\"true\" class=\"wp-block-spacer\"><\/div>\n\n\n\n<div class=\"wp-block-media-text has-media-on-the-right is-stacked-on-mobile\"><div class=\"wp-block-media-text__content\">\n<p><strong>Informaci\u00f3n sobre el seguro<\/strong><\/p>\n\n\n\n<h2 class=\"wp-block-heading\">Somos una consulta privada<\/h2>\n\n\n\n<p>Atendemos a pacientes con seguro privado y a pacientes que pagan por cuenta propia. Tenga en cuenta que los pacientes que pagan por cuenta propia deben abonar el importe inmediatamente despu\u00e9s del tratamiento. Le agradecemos su comprensi\u00f3n.<\/p>\n<\/div><figure class=\"wp-block-media-text__media\"><img loading=\"lazy\" decoding=\"async\" width=\"900\" height=\"678\" src=\"https:\/\/llumfisioterapia.com\/wp-content\/uploads\/2026\/03\/Llum-Fisioterapia-Capdepera_3.jpg\" alt=\"Llum Fisioterapia in Capdepera auf Mallorca\" class=\"wp-image-393 size-full\" srcset=\"https:\/\/llumfisioterapia.com\/wp-content\/uploads\/2026\/03\/Llum-Fisioterapia-Capdepera_3.jpg 900w, https:\/\/llumfisioterapia.com\/wp-content\/uploads\/2026\/03\/Llum-Fisioterapia-Capdepera_3-300x226.jpg 300w, https:\/\/llumfisioterapia.com\/wp-content\/uploads\/2026\/03\/Llum-Fisioterapia-Capdepera_3-768x579.jpg 768w, https:\/\/llumfisioterapia.com\/wp-content\/uploads\/2026\/03\/Llum-Fisioterapia-Capdepera_3-230x173.jpg 230w, https:\/\/llumfisioterapia.com\/wp-content\/uploads\/2026\/03\/Llum-Fisioterapia-Capdepera_3-350x264.jpg 350w, https:\/\/llumfisioterapia.com\/wp-content\/uploads\/2026\/03\/Llum-Fisioterapia-Capdepera_3-480x362.jpg 480w\" sizes=\"auto, (max-width: 900px) 100vw, 900px\" \/><\/figure><\/div>\n\n\n\n<div style=\"height:50px\" aria-hidden=\"true\" class=\"wp-block-spacer\"><\/div>\n\n\n\n<h3 class=\"wp-block-heading\">\u00bfTiene alguna pregunta?<\/h3>\n\n\n\n<p>Si tiene alguna otra pregunta, no dude en concertar una primera consulta con nuestro terapeuta.<br><strong>Tel.: 0034 971 819 308<\/strong><\/p>\n\n\n\n<div style=\"height:50px\" aria-hidden=\"true\" class=\"wp-block-spacer\"><\/div>\n\n\n\n<div class=\"wp-block-media-text is-stacked-on-mobile\" style=\"border-top-left-radius:0px;border-top-right-radius:0px;border-bottom-left-radius:0px;border-bottom-right-radius:0px\"><figure class=\"wp-block-media-text__media\"><img loading=\"lazy\" decoding=\"async\" width=\"900\" height=\"900\" src=\"https:\/\/llumfisioterapia.com\/wp-content\/uploads\/2026\/03\/Micronaehrstoffe_900x900_96_2.jpg\" alt=\"Micron\u00e4hrstoffe in Capdepera auf Mallorca\" class=\"wp-image-273 size-full\" srcset=\"https:\/\/llumfisioterapia.com\/wp-content\/uploads\/2026\/03\/Micronaehrstoffe_900x900_96_2.jpg 900w, https:\/\/llumfisioterapia.com\/wp-content\/uploads\/2026\/03\/Micronaehrstoffe_900x900_96_2-300x300.jpg 300w, https:\/\/llumfisioterapia.com\/wp-content\/uploads\/2026\/03\/Micronaehrstoffe_900x900_96_2-150x150.jpg 150w, https:\/\/llumfisioterapia.com\/wp-content\/uploads\/2026\/03\/Micronaehrstoffe_900x900_96_2-768x768.jpg 768w, https:\/\/llumfisioterapia.com\/wp-content\/uploads\/2026\/03\/Micronaehrstoffe_900x900_96_2-230x230.jpg 230w, https:\/\/llumfisioterapia.com\/wp-content\/uploads\/2026\/03\/Micronaehrstoffe_900x900_96_2-350x350.jpg 350w, https:\/\/llumfisioterapia.com\/wp-content\/uploads\/2026\/03\/Micronaehrstoffe_900x900_96_2-480x480.jpg 480w\" sizes=\"auto, (max-width: 900px) 100vw, 900px\" \/><\/figure><div class=\"wp-block-media-text__content\">\n<h3 class=\"wp-block-heading\">Micronutrientes<\/h3>\n\n\n\n<p><strong>Tratamiento complementario con micronutrientes en nuestra consulta.<\/strong><\/p>\n\n\n\n<p>En nuestra consulta aplicamos un enfoque integral que combina aspectos diagn\u00f3sticos, terap\u00e9uticos y preventivos.<\/p>\n\n\n\n<div class=\"wp-block-buttons is-layout-flex wp-block-buttons-is-layout-flex\">\n<div class=\"wp-block-button\"><a class=\"wp-block-button__link wp-element-button\" href=\"https:\/\/llumfisioterapia.com\/therapieformen\/micronahrstoffe\/\" style=\"border-top-left-radius:7px;border-top-right-radius:7px;border-bottom-left-radius:7px;border-bottom-right-radius:7px\">M\u00c1S INFORMACI\u00d3N<\/a><\/div>\n<\/div>\n<\/div><\/div>\n","protected":false},"excerpt":{"rendered":"<p>\u00a1Me alegro de que est\u00e9s aqu\u00ed! Les damos una c\u00e1lida bienvenida a nuestra consulta privada de osteopat\u00eda, fisioterapia y pilates, situada en [&hellip;]<\/p>\n","protected":false},"author":1,"featured_media":0,"parent":0,"menu_order":0,"comment_status":"closed","ping_status":"closed","template":"page-templates\/page_fullwidth.php","meta":{"footnotes":""},"class_list":["post-52","page","type-page","status-publish","hentry"],"_links":{"self":[{"href":"https:\/\/llumfisioterapia.com\/es\/wp-json\/wp\/v2\/pages\/52","targetHints":{"allow":["GET"]}}],"collection":[{"href":"https:\/\/llumfisioterapia.com\/es\/wp-json\/wp\/v2\/pages"}],"about":[{"href":"https:\/\/llumfisioterapia.com\/es\/wp-json\/wp\/v2\/types\/page"}],"author":[{"embeddable":true,"href":"https:\/\/llumfisioterapia.com\/es\/wp-json\/wp\/v2\/users\/1"}],"replies":[{"embeddable":true,"href":"https:\/\/llumfisioterapia.com\/es\/wp-json\/wp\/v2\/comments?post=52"}],"version-history":[{"count":46,"href":"https:\/\/llumfisioterapia.com\/es\/wp-json\/wp\/v2\/pages\/52\/revisions"}],"predecessor-version":[{"id":437,"href":"https:\/\/llumfisioterapia.com\/es\/wp-json\/wp\/v2\/pages\/52\/revisions\/437"}],"wp:attachment":[{"href":"https:\/\/llumfisioterapia.com\/es\/wp-json\/wp\/v2\/media?parent=52"}],"curies":[{"name":"wp","href":"https:\/\/api.w.org\/{rel}","templated":true}]}}